{"id":933,"date":"2025-09-03T21:44:39","date_gmt":"2025-09-03T17:44:39","guid":{"rendered":"https:\/\/mbnumerique.com\/index.php\/accueil\/"},"modified":"2025-09-03T21:44:52","modified_gmt":"2025-09-03T17:44:52","slug":"accueil","status":"publish","type":"page","link":"https:\/\/mbnumerique.com\/","title":{"rendered":"Accueil"},"content":{"rendered":"\t\t<div data-elementor-type=\"wp-page\" data-elementor-id=\"933\" class=\"elementor elementor-933\">\n\t\t\t\t<div class=\"elementor-element elementor-element-b78609e e-con-full e-flex wpr-particle-no wpr-jarallax-no wpr-parallax-no wpr-sticky-section-no e-con e-parent\" data-id=\"b78609e\" data-element_type=\"container\" data-settings=\"{&quot;background_background&quot;:&quot;classic&quot;}\">\n\t\t<div class=\"elementor-element elementor-element-1b42e140 e-con-full e-flex wpr-particle-no wpr-jarallax-no wpr-parallax-no wpr-sticky-section-no e-con e-child\" data-id=\"1b42e140\" data-element_type=\"container\" data-settings=\"{&quot;background_background&quot;:&quot;classic&quot;}\">\n\t\t\t\t<div class=\"elementor-element elementor-element-1ca82dec elementor-widget elementor-widget-heading\" data-id=\"1ca82dec\" data-element_type=\"widget\" data-widget_type=\"heading.default\">\n\t\t\t\t\t<h5 class=\"elementor-heading-title elementor-size-default\">Votre partenaire digital<\/h5>\t\t\t\t<\/div>\n\t\t\t\t<div class=\"elementor-element elementor-element-6d4f3488 elementor-widget elementor-widget-heading\" data-id=\"6d4f3488\" data-element_type=\"widget\" data-widget_type=\"heading.default\">\n\t\t\t\t\t<h1 class=\"elementor-heading-title elementor-size-default\">Transformez vos d\u00e9fis technologiques en succ\u00e8s<\/h1>\t\t\t\t<\/div>\n\t\t\t\t<div class=\"elementor-element elementor-element-7676629b elementor-widget elementor-widget-text-editor\" data-id=\"7676629b\" data-element_type=\"widget\" data-widget_type=\"text-editor.default\">\n\t\t\t\t\t\t\t\t\t<p>D\u00e9couvrez des solutions adapt\u00e9es \u00e0 vos besoins en technologies. De l&rsquo;infog\u00e9rance \u00e0 l&rsquo;automatisation, nous vous accompagnons pour optimiser vos processus et performer dans un monde num\u00e9rique en constante \u00e9volution.<\/p>\t\t\t\t\t\t\t\t<\/div>\n\t\t\t\t<div class=\"elementor-element elementor-element-1c3168fa elementor-widget__width-auto elementor-widget elementor-widget-button\" data-id=\"1c3168fa\" data-element_type=\"widget\" data-widget_type=\"button.default\">\n\t\t\t\t\t\t\t\t\t\t<a class=\"elementor-button elementor-button-link elementor-size-sm\" href=\"#\">\n\t\t\t\t\t\t<span class=\"elementor-button-content-wrapper\">\n\t\t\t\t\t\t\t\t\t<span class=\"elementor-button-text\">Explorez nos services<\/span>\n\t\t\t\t\t<\/span>\n\t\t\t\t\t<\/a>\n\t\t\t\t\t\t\t\t<\/div>\n\t\t\t\t<\/div>\n\t\t\t\t<\/div>\n\t\t<div class=\"elementor-element elementor-element-38b75932 e-flex e-con-boxed wpr-particle-no wpr-jarallax-no wpr-parallax-no wpr-sticky-section-no e-con e-parent\" data-id=\"38b75932\" data-element_type=\"container\" data-settings=\"{&quot;background_background&quot;:&quot;classic&quot;}\">\n\t\t\t\t\t<div class=\"e-con-inner\">\n\t\t<div class=\"elementor-element elementor-element-1096eb34 e-con-full e-flex wpr-particle-no wpr-jarallax-no wpr-parallax-no wpr-sticky-section-no e-con e-child\" data-id=\"1096eb34\" data-element_type=\"container\">\n\t\t\t\t<div class=\"elementor-element elementor-element-5076f56 elementor-widget elementor-widget-heading\" data-id=\"5076f56\" data-element_type=\"widget\" data-widget_type=\"heading.default\">\n\t\t\t\t\t<h2 class=\"elementor-heading-title elementor-size-default\">Infog\u00e9rance<\/h2>\t\t\t\t<\/div>\n\t\t\t\t<div class=\"elementor-element elementor-element-159c17c5 elementor-widget elementor-widget-text-editor\" data-id=\"159c17c5\" data-element_type=\"widget\" data-widget_type=\"text-editor.default\">\n\t\t\t\t\t\t\t\t\t<p>Nous offrons des services d&rsquo;infog\u00e9rance pour assurer la gestion secr\u00e8te de vos syst\u00e8mes informatiques. Notre mission est de vous lib\u00e9rer des t\u00e2ches techniques, vous permettant ainsi de vous concentrer sur votre c\u0153ur de m\u00e9tier.<\/p><p>Nos solutions sont con\u00e7ues pour offrir une s\u00e9curit\u00e9 renforc\u00e9e, une disponibilit\u00e9 24\/7, et un accompagnement personnalis\u00e9. Optimisez votre infrastructure avec notre expertise et gagnez en tranquillit\u00e9 d&rsquo;esprit. Que vous ayez besoin d&rsquo;un support technique ou d&rsquo;une gestion compl\u00e8te, nous sommes l\u00e0 pour vous.<\/p>\t\t\t\t\t\t\t\t<\/div>\n\t\t\t\t<\/div>\n\t\t<div class=\"elementor-element elementor-element-5c8d80f4 e-con-full e-flex wpr-particle-no wpr-jarallax-no wpr-parallax-no wpr-sticky-section-no e-con e-child\" data-id=\"5c8d80f4\" data-element_type=\"container\">\n\t\t\t\t<\/div>\n\t\t\t\t\t<\/div>\n\t\t\t\t<\/div>\n\t\t<div class=\"elementor-element elementor-element-476184b0 e-flex e-con-boxed wpr-particle-no wpr-jarallax-no wpr-parallax-no wpr-sticky-section-no e-con e-parent\" data-id=\"476184b0\" data-element_type=\"container\">\n\t\t\t\t\t<div class=\"e-con-inner\">\n\t\t<div class=\"elementor-element elementor-element-61ca29e8 e-con-full e-flex wpr-particle-no wpr-jarallax-no wpr-parallax-no wpr-sticky-section-no e-con e-child\" data-id=\"61ca29e8\" data-element_type=\"container\">\n\t\t\t\t<div class=\"elementor-element elementor-element-1bc49e9c elementor-widget elementor-widget-heading\" data-id=\"1bc49e9c\" data-element_type=\"widget\" data-widget_type=\"heading.default\">\n\t\t\t\t\t<h2 class=\"elementor-heading-title elementor-size-default\">Notre histoire et notre vision<\/h2>\t\t\t\t<\/div>\n\t\t\t\t<div class=\"elementor-element elementor-element-69563995 elementor-widget elementor-widget-text-editor\" data-id=\"69563995\" data-element_type=\"widget\" data-widget_type=\"text-editor.default\">\n\t\t\t\t\t\t\t\t\t<p>Chez nous, chaque projet est une aventure. Forts d&rsquo;une expertise en solutions technologiques, nous nous engageons \u00e0 vous propulser vers l&rsquo;avenir num\u00e9rique. En combinant innovation et savoir-faire, nous transformons des id\u00e9es en solutions concr\u00e8tes. Notre \u00e9quipe d\u00e9vou\u00e9e cr\u00e9e des outils adapt\u00e9s \u00e0 vos besoins, garantissant un service de qualit\u00e9 pour un monde en constante \u00e9volution.<\/p>\t\t\t\t\t\t\t\t<\/div>\n\t\t\t\t<\/div>\n\t\t<div class=\"elementor-element elementor-element-6078f58 e-con-full e-flex wpr-particle-no wpr-jarallax-no wpr-parallax-no wpr-sticky-section-no e-con e-child\" data-id=\"6078f58\" data-element_type=\"container\">\n\t\t<div class=\"elementor-element elementor-element-6b9a75a5 e-con-full e-flex wpr-particle-no wpr-jarallax-no wpr-parallax-no wpr-sticky-section-no e-con e-child\" data-id=\"6b9a75a5\" data-element_type=\"container\">\n\t\t\t\t<div class=\"elementor-element elementor-element-1a69948e elementor-widget elementor-widget-heading\" data-id=\"1a69948e\" data-element_type=\"widget\" data-widget_type=\"heading.default\">\n\t\t\t\t\t<h2 class=\"elementor-heading-title elementor-size-default\">Un engagement vers l'innovation<\/h2>\t\t\t\t<\/div>\n\t\t\t\t<div class=\"elementor-element elementor-element-5bf28985 elementor-widget elementor-widget-text-editor\" data-id=\"5bf28985\" data-element_type=\"widget\" data-widget_type=\"text-editor.default\">\n\t\t\t\t\t\t\t\t\t<p>Nous comprenons que chaque entreprise a ses d\u00e9fis uniques. C&rsquo;est pourquoi nous proposons des solutions sur mesure, allant de la gestion de votre infrastructure IT \u00e0 l&rsquo;audit digital. Gr\u00e2ce \u00e0 notre expertise en automatisation et t\u00e9l\u00e9phonie IP, nous vous aidons \u00e0 optimiser vos processus et \u00e0 gagner en efficacit\u00e9. Ensemble, fa\u00e7onnons l&rsquo;avenir num\u00e9rique de votre entreprise.<\/p>\t\t\t\t\t\t\t\t<\/div>\n\t\t\t\t<\/div>\n\t\t\t\t<\/div>\n\t\t\t\t\t<\/div>\n\t\t\t\t<\/div>\n\t\t<div class=\"elementor-element elementor-element-34d6556f e-flex e-con-boxed wpr-particle-no wpr-jarallax-no wpr-parallax-no wpr-sticky-section-no e-con e-parent\" data-id=\"34d6556f\" data-element_type=\"container\">\n\t\t\t\t\t<div class=\"e-con-inner\">\n\t\t<div class=\"elementor-element elementor-element-32394606 e-con-full e-flex wpr-particle-no wpr-jarallax-no wpr-parallax-no wpr-sticky-section-no e-con e-child\" data-id=\"32394606\" data-element_type=\"container\">\n\t\t\t\t<div class=\"elementor-element elementor-element-2bb5181f elementor-widget elementor-widget-heading\" data-id=\"2bb5181f\" data-element_type=\"widget\" data-widget_type=\"heading.default\">\n\t\t\t\t\t<h2 class=\"elementor-heading-title elementor-size-default\">Avis Clients<\/h2>\t\t\t\t<\/div>\n\t\t\t\t<\/div>\n\t\t<div class=\"elementor-element elementor-element-a5ea1d4 e-con-full e-flex wpr-particle-no wpr-jarallax-no wpr-parallax-no wpr-sticky-section-no e-con e-child\" data-id=\"a5ea1d4\" data-element_type=\"container\">\n\t\t<div class=\"elementor-element elementor-element-1c5f0c84 e-flex e-con-boxed wpr-particle-no wpr-jarallax-no wpr-parallax-no wpr-sticky-section-no e-con e-child\" data-id=\"1c5f0c84\" data-element_type=\"container\">\n\t\t\t\t\t<div class=\"e-con-inner\">\n\t\t<div class=\"elementor-element elementor-element-779f4600 e-con-full e-flex wpr-particle-no wpr-jarallax-no wpr-parallax-no wpr-sticky-section-no e-con e-child\" data-id=\"779f4600\" data-element_type=\"container\">\n\t\t\t\t<div class=\"elementor-element elementor-element-19f4e2b2 elementor--star-style-star_unicode elementor-star-rating--align-center elementor-widget elementor-widget-star-rating\" data-id=\"19f4e2b2\" data-element_type=\"widget\" data-widget_type=\"star-rating.default\">\n\t\t\t\t\t\n\t\t<div class=\"elementor-star-rating__wrapper\">\n\t\t\t\t\t\t<div class=\"elementor-star-rating\" title=\"5\/5\" itemtype=\"http:\/\/schema.org\/Rating\" itemscope=\"\" itemprop=\"reviewRating\"><i class=\"elementor-star-full\">&#9733;<\/i><i class=\"elementor-star-full\">&#9733;<\/i><i class=\"elementor-star-full\">&#9733;<\/i><i class=\"elementor-star-full\">&#9733;<\/i><i class=\"elementor-star-full\">&#9733;<\/i> <span itemprop=\"ratingValue\" class=\"elementor-screen-only\">5\/5<\/span><\/div>\t\t<\/div>\n\t\t\t\t\t\t<\/div>\n\t\t\t\t<div class=\"elementor-element elementor-element-3868acfe elementor-widget elementor-widget-blockquote\" data-id=\"3868acfe\" data-element_type=\"widget\" data-widget_type=\"blockquote.default\">\n\t\t\t\t<div class=\"elementor-widget-container\">\n\t\t\t\t\t \t\t\t\t<\/div>\n\t\t\t\t<\/div>\n\t\t\t\t<\/div>\n\t\t<div class=\"elementor-element elementor-element-6c6576a2 e-con-full e-flex wpr-particle-no wpr-jarallax-no wpr-parallax-no wpr-sticky-section-no e-con e-child\" data-id=\"6c6576a2\" data-element_type=\"container\">\n\t\t\t\t<div class=\"elementor-element elementor-element-8aa8eb9 elementor--star-style-star_unicode elementor-star-rating--align-center elementor-widget elementor-widget-star-rating\" data-id=\"8aa8eb9\" data-element_type=\"widget\" data-widget_type=\"star-rating.default\">\n\t\t\t\t\t\n\t\t<div class=\"elementor-star-rating__wrapper\">\n\t\t\t\t\t\t<div class=\"elementor-star-rating\" title=\"5\/5\" itemtype=\"http:\/\/schema.org\/Rating\" itemscope=\"\" itemprop=\"reviewRating\"><i class=\"elementor-star-full\">&#9733;<\/i><i class=\"elementor-star-full\">&#9733;<\/i><i class=\"elementor-star-full\">&#9733;<\/i><i class=\"elementor-star-full\">&#9733;<\/i><i class=\"elementor-star-full\">&#9733;<\/i> <span itemprop=\"ratingValue\" class=\"elementor-screen-only\">5\/5<\/span><\/div>\t\t<\/div>\n\t\t\t\t\t\t<\/div>\n\t\t\t\t<div class=\"elementor-element elementor-element-68f77b29 elementor-widget elementor-widget-blockquote\" data-id=\"68f77b29\" data-element_type=\"widget\" data-widget_type=\"blockquote.default\">\n\t\t\t\t<div class=\"elementor-widget-container\">\n\t\t\t\t\t \t\t\t\t<\/div>\n\t\t\t\t<\/div>\n\t\t\t\t<\/div>\n\t\t\t\t\t<\/div>\n\t\t\t\t<\/div>\n\t\t<div class=\"elementor-element elementor-element-706bc64d e-flex e-con-boxed wpr-particle-no wpr-jarallax-no wpr-parallax-no wpr-sticky-section-no e-con e-child\" data-id=\"706bc64d\" data-element_type=\"container\">\n\t\t\t\t\t<div class=\"e-con-inner\">\n\t\t<div class=\"elementor-element elementor-element-1a11bfb5 e-con-full e-flex wpr-particle-no wpr-jarallax-no wpr-parallax-no wpr-sticky-section-no e-con e-child\" data-id=\"1a11bfb5\" data-element_type=\"container\">\n\t\t\t\t<div class=\"elementor-element elementor-element-a0585e4 elementor--star-style-star_unicode elementor-star-rating--align-center elementor-widget elementor-widget-star-rating\" data-id=\"a0585e4\" data-element_type=\"widget\" data-widget_type=\"star-rating.default\">\n\t\t\t\t\t\n\t\t<div class=\"elementor-star-rating__wrapper\">\n\t\t\t\t\t\t<div class=\"elementor-star-rating\" title=\"5\/5\" itemtype=\"http:\/\/schema.org\/Rating\" itemscope=\"\" itemprop=\"reviewRating\"><i class=\"elementor-star-full\">&#9733;<\/i><i class=\"elementor-star-full\">&#9733;<\/i><i class=\"elementor-star-full\">&#9733;<\/i><i class=\"elementor-star-full\">&#9733;<\/i><i class=\"elementor-star-full\">&#9733;<\/i> <span itemprop=\"ratingValue\" class=\"elementor-screen-only\">5\/5<\/span><\/div>\t\t<\/div>\n\t\t\t\t\t\t<\/div>\n\t\t\t\t<div class=\"elementor-element elementor-element-10bdf9b1 elementor-widget elementor-widget-blockquote\" data-id=\"10bdf9b1\" data-element_type=\"widget\" data-widget_type=\"blockquote.default\">\n\t\t\t\t<div class=\"elementor-widget-container\">\n\t\t\t\t\t \t\t\t\t<\/div>\n\t\t\t\t<\/div>\n\t\t\t\t<\/div>\n\t\t<div class=\"elementor-element elementor-element-3a679c7f e-con-full e-flex wpr-particle-no wpr-jarallax-no wpr-parallax-no wpr-sticky-section-no e-con e-child\" data-id=\"3a679c7f\" data-element_type=\"container\">\n\t\t\t\t<div class=\"elementor-element elementor-element-55ef507f elementor--star-style-star_unicode elementor-star-rating--align-center elementor-widget elementor-widget-star-rating\" data-id=\"55ef507f\" data-element_type=\"widget\" data-widget_type=\"star-rating.default\">\n\t\t\t\t\t\n\t\t<div class=\"elementor-star-rating__wrapper\">\n\t\t\t\t\t\t<div class=\"elementor-star-rating\" title=\"5\/5\" itemtype=\"http:\/\/schema.org\/Rating\" itemscope=\"\" itemprop=\"reviewRating\"><i class=\"elementor-star-full\">&#9733;<\/i><i class=\"elementor-star-full\">&#9733;<\/i><i class=\"elementor-star-full\">&#9733;<\/i><i class=\"elementor-star-full\">&#9733;<\/i><i class=\"elementor-star-full\">&#9733;<\/i> <span itemprop=\"ratingValue\" class=\"elementor-screen-only\">5\/5<\/span><\/div>\t\t<\/div>\n\t\t\t\t\t\t<\/div>\n\t\t\t\t<div class=\"elementor-element elementor-element-149edf34 elementor-widget elementor-widget-blockquote\" data-id=\"149edf34\" data-element_type=\"widget\" data-widget_type=\"blockquote.default\">\n\t\t\t\t<div class=\"elementor-widget-container\">\n\t\t\t\t\t \t\t\t\t<\/div>\n\t\t\t\t<\/div>\n\t\t\t\t<\/div>\n\t\t\t\t\t<\/div>\n\t\t\t\t<\/div>\n\t\t\t\t<\/div>\n\t\t\t\t\t<\/div>\n\t\t\t\t<\/div>\n\t\t<div class=\"elementor-element elementor-element-3ff0cfbd e-flex e-con-boxed wpr-particle-no wpr-jarallax-no wpr-parallax-no wpr-sticky-section-no e-con e-parent\" data-id=\"3ff0cfbd\" data-element_type=\"container\">\n\t\t\t\t\t<div class=\"e-con-inner\">\n\t\t\t\t<div class=\"elementor-element elementor-element-3963d93 elementor-widget elementor-widget-call-to-action\" data-id=\"3963d93\" data-element_type=\"widget\" data-widget_type=\"call-to-action.default\">\n\t\t\t\t<div class=\"elementor-widget-container\">\n\t\t\t\t\t \t\t\t\t<\/div>\n\t\t\t\t<\/div>\n\t\t\t\t\t<\/div>\n\t\t\t\t<\/div>\n\t\t<div class=\"elementor-element elementor-element-5797d244 e-con-full e-flex wpr-particle-no wpr-jarallax-no wpr-parallax-no wpr-sticky-section-no e-con e-parent\" data-id=\"5797d244\" data-element_type=\"container\">\n\t\t<div class=\"elementor-element elementor-element-5760fc0a e-con-full e-flex wpr-particle-no wpr-jarallax-no wpr-parallax-no wpr-sticky-section-no e-con e-child\" data-id=\"5760fc0a\" data-element_type=\"container\">\n\t\t\t\t<div class=\"elementor-element elementor-element-7648d7c5 elementor-widget elementor-widget-heading\" data-id=\"7648d7c5\" data-element_type=\"widget\" data-widget_type=\"heading.default\">\n\t\t\t\t\t<h2 class=\"elementor-heading-title elementor-size-default\">Innovation \u00e0 port\u00e9e de main<\/h2>\t\t\t\t<\/div>\n\t\t\t\t<div class=\"elementor-element elementor-element-27a8950b elementor-widget elementor-widget-heading\" data-id=\"27a8950b\" data-element_type=\"widget\" data-widget_type=\"heading.default\">\n\t\t\t\t\t<h2 class=\"elementor-heading-title elementor-size-default\">Derniers articles sur les technologies IT<\/h2>\t\t\t\t<\/div>\n\t\t\t\t<\/div>\n\t\t\t\t<div class=\"elementor-element elementor-element-37caeca elementor-widget elementor-widget-posts\" data-id=\"37caeca\" data-element_type=\"widget\" data-widget_type=\"posts.default\">\n\t\t\t\t<div class=\"elementor-widget-container\">\n\t\t\t\t\t \t\t\t\t<\/div>\n\t\t\t\t<\/div>\n\t\t\t\t<div class=\"elementor-element elementor-element-413578f4 elementor-widget__width-auto elementor-align-right elementor-widget elementor-widget-button\" data-id=\"413578f4\" data-element_type=\"widget\" data-widget_type=\"button.default\">\n\t\t\t\t\t\t\t\t\t\t<a class=\"elementor-button elementor-button-link elementor-size-sm\" href=\"#\">\n\t\t\t\t\t\t<span class=\"elementor-button-content-wrapper\">\n\t\t\t\t\t\t\t\t\t<span class=\"elementor-button-text\">Voir tous les articles<\/span>\n\t\t\t\t\t<\/span>\n\t\t\t\t\t<\/a>\n\t\t\t\t\t\t\t\t<\/div>\n\t\t\t\t<\/div>\n\t\t<div class=\"elementor-element elementor-element-9ff5431 e-flex e-con-boxed wpr-particle-no wpr-jarallax-no wpr-parallax-no wpr-sticky-section-no e-con e-parent\" data-id=\"9ff5431\" data-element_type=\"container\" data-settings=\"{&quot;background_background&quot;:&quot;classic&quot;}\">\n\t\t\t\t\t<div class=\"e-con-inner\">\n\t\t\t\t<div class=\"elementor-element elementor-element-45976f98 elementor-widget elementor-widget-heading\" data-id=\"45976f98\" data-element_type=\"widget\" data-widget_type=\"heading.default\">\n\t\t\t\t\t<h2 class=\"elementor-heading-title elementor-size-default\">Restez inform\u00e9 des nouveaut\u00e9s<\/h2>\t\t\t\t<\/div>\n\t\t\t\t<div class=\"elementor-element elementor-element-3f1fc290 elementor-widget elementor-widget-text-editor\" data-id=\"3f1fc290\" data-element_type=\"widget\" data-widget_type=\"text-editor.default\">\n\t\t\t\t\t\t\t\t\t<p>Abonnez-vous \u00e0 notre newsletter pour recevoir des informations sur nos services et offres exclusives. Vous \u00eates toujours au courant des derni\u00e8res tendances et innovations dans le domaine de la technologie.<\/p>\t\t\t\t\t\t\t\t<\/div>\n\t\t\t\t<div class=\"elementor-element elementor-element-9c13dcd elementor-widget__width-initial elementor-widget-tablet__width-inherit elementor-widget elementor-widget-form\" data-id=\"9c13dcd\" data-element_type=\"widget\" data-widget_type=\"form.default\">\n\t\t\t\t<div class=\"elementor-widget-container\">\n\t\t\t\t\t \t\t\t\t<\/div>\n\t\t\t\t<\/div>\n\t\t\t\t\t<\/div>\n\t\t\t\t<\/div>\n\t\t\t\t<\/div>\n\t\t","protected":false},"excerpt":{"rendered":"<p>Votre partenaire digital Transformez vos d\u00e9fis technologiques en succ\u00e8s D\u00e9couvrez des solutions adapt\u00e9es \u00e0 vos besoins en technologies. De l&rsquo;infog\u00e9rance \u00e0 l&rsquo;automatisation, nous vous accompagnons pour optimiser vos processus et performer dans un monde num\u00e9rique en constante \u00e9volution. Explorez nos services Infog\u00e9rance Nous offrons des services d&rsquo;infog\u00e9rance pour assurer la gestion secr\u00e8te de vos syst\u00e8mes informatiques. Notre mission est de vous lib\u00e9rer des t\u00e2ches techniques, vous permettant ainsi de vous concentrer sur votre c\u0153ur de m\u00e9tier. Nos solutions sont con\u00e7ues pour offrir une s\u00e9curit\u00e9 renforc\u00e9e, une disponibilit\u00e9 24\/7, et un accompagnement personnalis\u00e9. Optimisez votre infrastructure avec notre expertise et gagnez en tranquillit\u00e9 d&rsquo;esprit. Que vous ayez besoin d&rsquo;un support technique ou d&rsquo;une gestion compl\u00e8te, nous sommes l\u00e0 pour vous. Notre histoire et notre vision Chez nous, chaque projet est une aventure. Forts d&rsquo;une expertise en solutions technologiques, nous nous engageons \u00e0 vous propulser vers l&rsquo;avenir num\u00e9rique. En combinant innovation et savoir-faire, nous transformons des id\u00e9es en solutions concr\u00e8tes. Notre \u00e9quipe d\u00e9vou\u00e9e cr\u00e9e des outils adapt\u00e9s \u00e0 vos besoins, garantissant un service de qualit\u00e9 pour un monde en constante \u00e9volution. Un engagement vers l&rsquo;innovation Nous comprenons que chaque entreprise a ses d\u00e9fis uniques. C&rsquo;est pourquoi nous proposons des solutions sur mesure, allant de la gestion de votre infrastructure IT \u00e0 l&rsquo;audit digital. Gr\u00e2ce \u00e0 notre expertise en automatisation et t\u00e9l\u00e9phonie IP, nous vous aidons \u00e0 optimiser vos processus et \u00e0 gagner en efficacit\u00e9. Ensemble, fa\u00e7onnons l&rsquo;avenir num\u00e9rique de votre entreprise. Avis Clients &#9733;&#9733;&#9733;&#9733;&#9733; 5\/5 &#9733;&#9733;&#9733;&#9733;&#9733; 5\/5 &#9733;&#9733;&#9733;&#9733;&#9733; 5\/5 &#9733;&#9733;&#9733;&#9733;&#9733; 5\/5 Innovation \u00e0 port\u00e9e de main Derniers articles sur les technologies IT Voir tous les articles Restez inform\u00e9 des nouveaut\u00e9s Abonnez-vous \u00e0 notre newsletter pour recevoir des informations sur nos services et offres exclusives. Vous \u00eates toujours au courant des derni\u00e8res tendances et innovations dans le domaine de la technologie.<\/p>\n","protected":false},"author":1,"featured_media":0,"parent":0,"menu_order":0,"comment_status":"closed","ping_status":"closed","template":"","meta":{"ocean_post_layout":"","ocean_both_sidebars_style":"","ocean_both_sidebars_content_width":0,"ocean_both_sidebars_sidebars_width":0,"ocean_sidebar":"","ocean_second_sidebar":"","ocean_disable_margins":"enable","ocean_add_body_class":"","ocean_shortcode_before_top_bar":"","ocean_shortcode_after_top_bar":"","ocean_shortcode_before_header":"","ocean_shortcode_after_header":"","ocean_has_shortcode":"","ocean_shortcode_after_title":"","ocean_shortcode_before_footer_widgets":"","ocean_shortcode_after_footer_widgets":"","ocean_shortcode_before_footer_bottom":"","ocean_shortcode_after_footer_bottom":"","ocean_display_top_bar":"default","ocean_display_header":"default","ocean_header_style":"","ocean_center_header_left_menu":"","ocean_custom_header_template":"","ocean_custom_logo":0,"ocean_custom_retina_logo":0,"ocean_custom_logo_max_width":0,"ocean_custom_logo_tablet_max_width":0,"ocean_custom_logo_mobile_max_width":0,"ocean_custom_logo_max_height":0,"ocean_custom_logo_tablet_max_height":0,"ocean_custom_logo_mobile_max_height":0,"ocean_header_custom_menu":"","ocean_menu_typo_font_family":"","ocean_menu_typo_font_subset":"","ocean_menu_typo_font_size":0,"ocean_menu_typo_font_size_tablet":0,"ocean_menu_typo_font_size_mobile":0,"ocean_menu_typo_font_size_unit":"px","ocean_menu_typo_font_weight":"","ocean_menu_typo_font_weight_tablet":"","ocean_menu_typo_font_weight_mobile":"","ocean_menu_typo_transform":"","ocean_menu_typo_transform_tablet":"","ocean_menu_typo_transform_mobile":"","ocean_menu_typo_line_height":0,"ocean_menu_typo_line_height_tablet":0,"ocean_menu_typo_line_height_mobile":0,"ocean_menu_typo_line_height_unit":"","ocean_menu_typo_spacing":0,"ocean_menu_typo_spacing_tablet":0,"ocean_menu_typo_spacing_mobile":0,"ocean_menu_typo_spacing_unit":"","ocean_menu_link_color":"","ocean_menu_link_color_hover":"","ocean_menu_link_color_active":"","ocean_menu_link_background":"","ocean_menu_link_hover_background":"","ocean_menu_link_active_background":"","ocean_menu_social_links_bg":"","ocean_menu_social_hover_links_bg":"","ocean_menu_social_links_color":"","ocean_menu_social_hover_links_color":"","ocean_disable_title":"default","ocean_disable_heading":"default","ocean_post_title":"","ocean_post_subheading":"","ocean_post_title_style":"","ocean_post_title_background_color":"","ocean_post_title_background":0,"ocean_post_title_bg_image_position":"","ocean_post_title_bg_image_attachment":"","ocean_post_title_bg_image_repeat":"","ocean_post_title_bg_image_size":"","ocean_post_title_height":0,"ocean_post_title_bg_overlay":0.5,"ocean_post_title_bg_overlay_color":"","ocean_disable_breadcrumbs":"default","ocean_breadcrumbs_color":"","ocean_breadcrumbs_separator_color":"","ocean_breadcrumbs_links_color":"","ocean_breadcrumbs_links_hover_color":"","ocean_display_footer_widgets":"default","ocean_display_footer_bottom":"default","ocean_custom_footer_template":"","footnotes":""},"class_list":["post-933","page","type-page","status-publish","hentry","entry"],"_links":{"self":[{"href":"https:\/\/mbnumerique.com\/index.php\/wp-json\/wp\/v2\/pages\/933","targetHints":{"allow":["GET"]}}],"collection":[{"href":"https:\/\/mbnumerique.com\/index.php\/wp-json\/wp\/v2\/pages"}],"about":[{"href":"https:\/\/mbnumerique.com\/index.php\/wp-json\/wp\/v2\/types\/page"}],"author":[{"embeddable":true,"href":"https:\/\/mbnumerique.com\/index.php\/wp-json\/wp\/v2\/users\/1"}],"replies":[{"embeddable":true,"href":"https:\/\/mbnumerique.com\/index.php\/wp-json\/wp\/v2\/comments?post=933"}],"version-history":[{"count":4,"href":"https:\/\/mbnumerique.com\/index.php\/wp-json\/wp\/v2\/pages\/933\/revisions"}],"predecessor-version":[{"id":979,"href":"https:\/\/mbnumerique.com\/index.php\/wp-json\/wp\/v2\/pages\/933\/revisions\/979"}],"wp:attachment":[{"href":"https:\/\/mbnumerique.com\/index.php\/wp-json\/wp\/v2\/media?parent=933"}],"curies":[{"name":"wp","href":"https:\/\/api.w.org\/{rel}","templated":true}]}}